{"id":149,"date":"2022-06-02T14:00:55","date_gmt":"2022-06-02T12:00:55","guid":{"rendered":"https:\/\/www.thea.cz\/zpivam\/?page_id=149"},"modified":"2022-06-02T14:00:55","modified_gmt":"2022-06-02T12:00:55","slug":"kde-me-muzete-potkat","status":"publish","type":"page","link":"https:\/\/www.thea.cz\/zpivam\/kde-me-muzete-potkat\/","title":{"rendered":"Kde m\u011b m\u016f\u017eete potkat"},"content":{"rendered":"","protected":false},"excerpt":{"rendered":"","protected":false},"author":1,"featured_media":0,"parent":0,"menu_order":0,"comment_status":"closed","ping_status":"closed","template":"wp-custom-template-kde-me-muzete-potkat","meta":{"footnotes":""},"class_list":["post-149","page","type-page","status-publish","hentry"],"_links":{"self":[{"href":"https:\/\/www.thea.cz\/zpivam\/wp-json\/wp\/v2\/pages\/149","targetHints":{"allow":["GET"]}}],"collection":[{"href":"https:\/\/www.thea.cz\/zpivam\/wp-json\/wp\/v2\/pages"}],"about":[{"href":"https:\/\/www.thea.cz\/zpivam\/wp-json\/wp\/v2\/types\/page"}],"author":[{"embeddable":true,"href":"https:\/\/www.thea.cz\/zpivam\/wp-json\/wp\/v2\/users\/1"}],"replies":[{"embeddable":true,"href":"https:\/\/www.thea.cz\/zpivam\/wp-json\/wp\/v2\/comments?post=149"}],"version-history":[{"count":1,"href":"https:\/\/www.thea.cz\/zpivam\/wp-json\/wp\/v2\/pages\/149\/revisions"}],"predecessor-version":[{"id":151,"href":"https:\/\/www.thea.cz\/zpivam\/wp-json\/wp\/v2\/pages\/149\/revisions\/151"}],"wp:attachment":[{"href":"https:\/\/www.thea.cz\/zpivam\/wp-json\/wp\/v2\/media?parent=149"}],"curies":[{"name":"wp","href":"https:\/\/api.w.org\/{rel}","templated":true}]}}